{"id":2,"date":"2020-09-24T12:53:21","date_gmt":"2020-09-24T10:53:21","guid":{"rendered":"http:\/\/angels.localhost:8889\/?page_id=2"},"modified":"2024-01-06T18:49:59","modified_gmt":"2024-01-06T17:49:59","slug":"zkusebni-stranka","status":"publish","type":"page","link":"http:\/\/www.skupinaangels.cz\/","title":{"rendered":"\u00davodn\u00ed str\u00e1nka"},"content":{"rendered":"\n<h2>\n\t\tMarek \u010cernoch &#038;\n\t<\/h2>\n<h1>\n\t\tANGELS\n\t<\/h1>\n<h4>\n\t\tPoslechn\u011bte si\n\t<\/h4>\n\t<div id=\"audioigniter-214\" class=\"audioigniter-root\" data-player-type=\"simple\" data-tracks-url=\"http:\/\/www.skupinaangels.cz\/?audioigniter_playlist_id=214\" data-display-track-no=\"true\" data-reverse-track-order=\"false\" data-display-tracklist-covers=\"true\" data-display-active-cover=\"true\" data-display-artist-names=\"false\" data-display-buy-buttons=\"false\" data-buy-buttons-target=\"false\" data-cycle-tracks=\"false\" data-display-credits=\"false\" data-display-tracklist=\"true\" data-allow-tracklist-toggle=\"true\" data-allow-tracklist-loop=\"true\" data-limit-tracklist-height=\"true\" data-volume=\"100\" data-tracklist-height=\"185\" ><\/div>\n<h4>\n\t\tVystoupen\u00ed\n\t<\/h4>\n<h2>\n\t\tKONTAKT\n\t<\/h2>\n\t<p>Marek \u010cernoch<\/p>\n<p>Tel: +420 777 946 902<\/p>\n<p>E-mail: marek.cernoch@cetis.cz<\/p>\n\n","protected":false},"excerpt":{"rendered":"<p>Marek \u010cernoch &#038; ANGELS Poslechn\u011bte si Vystoupen\u00ed KONTAKT Marek \u010cernoch Tel: +420 777 946 902 E-mail: marek.cernoch@cetis.cz<\/p>\n","protected":false},"author":1,"featured_media":269,"parent":0,"menu_order":0,"comment_status":"closed","ping_status":"open","template":"","meta":[],"_links":{"self":[{"href":"http:\/\/www.skupinaangels.cz\/index.php?rest_route=\/wp\/v2\/pages\/2"}],"collection":[{"href":"http:\/\/www.skupinaangels.cz\/index.php?rest_route=\/wp\/v2\/pages"}],"about":[{"href":"http:\/\/www.skupinaangels.cz\/index.php?rest_route=\/wp\/v2\/types\/page"}],"author":[{"embeddable":true,"href":"http:\/\/www.skupinaangels.cz\/index.php?rest_route=\/wp\/v2\/users\/1"}],"replies":[{"embeddable":true,"href":"http:\/\/www.skupinaangels.cz\/index.php?rest_route=%2Fwp%2Fv2%2Fcomments&post=2"}],"version-history":[{"count":54,"href":"http:\/\/www.skupinaangels.cz\/index.php?rest_route=\/wp\/v2\/pages\/2\/revisions"}],"predecessor-version":[{"id":387,"href":"http:\/\/www.skupinaangels.cz\/index.php?rest_route=\/wp\/v2\/pages\/2\/revisions\/387"}],"wp:featuredmedia":[{"embeddable":true,"href":"http:\/\/www.skupinaangels.cz\/index.php?rest_route=\/wp\/v2\/media\/269"}],"wp:attachment":[{"href":"http:\/\/www.skupinaangels.cz\/index.php?rest_route=%2Fwp%2Fv2%2Fmedia&parent=2"}],"curies":[{"name":"wp","href":"https:\/\/api.w.org\/{rel}","templated":true}]}}